{"id":2138,"date":"2015-02-16T23:09:58","date_gmt":"2015-02-16T22:09:58","guid":{"rendered":"http:\/\/www.kj-fotografie.net\/shootings\/?page_id=2138"},"modified":"2021-03-09T14:30:10","modified_gmt":"2021-03-09T13:30:10","slug":"ueber-uns","status":"publish","type":"page","link":"https:\/\/www.kj-fotografie.net\/shootings\/ueber-uns\/","title":{"rendered":"\u00dcber uns"},"content":{"rendered":"<div id=\"id_53a3209fccb115693439908\" class=\"text_exposed_root text_exposed\">Karin&amp;Joe &#8211; Wir sind ein Ehepaar, das seine Leidenschaft zum Fotografieren gemeinsam auslebt. F\u00fcr uns ist jeder Mensch auf seine Art wundersch\u00f6n und genau hier liegt unser Talent und unsere Ambition, diese Sch\u00f6nheit mit der Kamera herauszuarbeiten und festzuhalten. Darin liegt f\u00fcr uns die Freude an der Fotografie.<\/div>\n<div class=\"text_exposed_root text_exposed\"><\/div>\n<div class=\"text_exposed_root text_exposed\">Wir sind auf Hochzeitsfotografie und Portraitfotografie spezialisiert. Weddingfotografie ist f\u00fcr uns eine besondere M\u00f6glichkeit sch\u00f6ne und gef\u00fchlvolle Momente und die Einzigartigkeit der Liebe zwischen zwei Menschen festzuhalten. Wir fangen Emotionen ein und inszenieren kreativ und kunstvoll Paarportraits und Gruppenbilder. Gerne lassen wir Euch ein Angebot zukommen,&nbsp;das wir speziell auf Eure Bed\u00fcrfnisse zuschneiden.<\/div>\n<div class=\"text_exposed_root text_exposed\"><span class=\"text_exposed_show\"><span class=\"text_exposed_show\"><br \/>\nUnsere zweite St\u00e4rke ist die Portrait\/Peoplefotografie. Wichtig ist uns, das man sich wohlf\u00fchlt und das Shooting genie\u00dfen kann. Wir sehen den Tag mit uns ein wenig als Erlebnis der anderen Art. Wir konzentrieren uns dabei nur auf Dich und nehmen uns Zeit f\u00fcr das Shooting. F\u00fcr ein perfektes Ergebnis arbeiten wir mit Visagistinnen zusammen, die sich um ein professionelles, perfektes Make Up k\u00fcmmern.<br \/>\nBei Interesse an einem Shooting oder an einer Preisinfo freuen wir uns \u00fcber ein Mail oder einen Anruf.&nbsp;<\/span><\/span><\/div>\n<div class=\"text_exposed_root text_exposed\">\n<p>Wir sind seit 3 Jahren gl\u00fccklich verheiratet. Ich, Karin bin 35 und fotografiere seitdem ich mit 19 Jahren meine erste analoge Spiegelreflexkamera kaufte. Meine erste Hochzeit einer sehr lieben Freundin fotografierte ich vor 10 Jahren. Seitdem liebe ich die besonderen Momente und gef\u00fchlvollen Situationen auf Hochzeiten.<\/p>\n<p>Joe ist 36 und hat sich durch mich, Karin&nbsp;zur Fotografie anstecken lassen. Seine Leidenschaft sind&nbsp;die Bildbearbeitung und Composings. Er k\u00fcmmert sich auch&nbsp;um&nbsp;unser Marketing und die Kommunikation und h\u00e4lt unsere Facebookseite aktuell.<\/p>\n<p>&nbsp;<\/p>\n<p><a href=\"https:\/\/www.kj-fotografie.net\/shootings\/wp-content\/uploads\/2015\/05\/20150511_karinjoe-46-von-51.jpg\"><img loading=\"lazy\" decoding=\"async\" class=\"alignnone size-medium wp-image-2314\" src=\"https:\/\/www.kj-fotografie.net\/shootings\/wp-content\/uploads\/2015\/05\/20150511_karinjoe-46-von-51-200x300.jpg\" alt=\"20150511_karin&amp;joe (46 von 51)\" width=\"200\" height=\"300\" srcset=\"https:\/\/www.kj-fotografie.net\/shootings\/wp-content\/uploads\/2015\/05\/20150511_karinjoe-46-von-51-200x300.jpg 200w, https:\/\/www.kj-fotografie.net\/shootings\/wp-content\/uploads\/2015\/05\/20150511_karinjoe-46-von-51-485x728.jpg 485w, https:\/\/www.kj-fotografie.net\/shootings\/wp-content\/uploads\/2015\/05\/20150511_karinjoe-46-von-51.jpg 600w\" sizes=\"auto, (max-width: 200px) 100vw, 200px\" \/><\/a>&nbsp; &nbsp; &nbsp; &nbsp; &nbsp; &nbsp; &nbsp; &nbsp; &nbsp; &nbsp; &nbsp; &nbsp; &nbsp; &nbsp; &nbsp; &nbsp;<a href=\"https:\/\/www.kj-fotografie.net\/hochzeitsfotografie\/wp-content\/uploads\/2015\/05\/9-2.jpg\"><img loading=\"lazy\" decoding=\"async\" class=\"alignnone size-medium wp-image-448\" src=\"https:\/\/www.kj-fotografie.net\/hochzeitsfotografie\/wp-content\/uploads\/2015\/05\/9-2-300x300.jpg\" alt=\"9-2\" width=\"300\" height=\"300\"><\/a>&nbsp; &nbsp; &nbsp; &nbsp; &nbsp; &nbsp; &nbsp; &nbsp; &nbsp; &nbsp; &nbsp; &nbsp; &nbsp; &nbsp; &nbsp; &nbsp;<a href=\"https:\/\/www.kj-fotografie.net\/hochzeitsfotografie\/wp-content\/uploads\/2015\/05\/20150511_karinjoe-15-von-51.jpg\"><img loading=\"lazy\" decoding=\"async\" class=\"alignnone size-medium wp-image-450\" src=\"https:\/\/www.kj-fotografie.net\/hochzeitsfotografie\/wp-content\/uploads\/2015\/05\/20150511_karinjoe-15-von-51-200x300.jpg\" alt=\"20150511_karin&amp;joe (15 von 51)\" width=\"200\" height=\"300\"><\/a><br \/>\n<em>Photos by Lichtpixel.at<\/em><\/p>\n<p>R\u00e4umlich kommen wir aus dem Bezirk Korneuburg, 20 Min von Wien, sind prinzipiell aber in ganz \u00d6sterreich und dar\u00fcber hinaus buchbar.<\/p>\n<p>Wedding-Business-Family-Kinder-Babybauch-Paarshooting-Tierfotografie-Lifestyle-Beauty-Fashion-FineArtNude&#8230;..alles schon gehabt, alles m\u00f6glich, weil einfach alles Spass macht. Schaut auch auf unsere Hochzeitsseite.<\/p>\n<p>Bei Interesse bieten wir auch Einzel-Coachings an oder ihr wollt einfach mal mitkommen zum reinschnuppern ins Leben der Fotografie, wir geben unser Wissen gerne weiter. Soweit es unsere Zeit zul\u00e4\u00dft, geben wir auch Fotokurse. Anmeldungen werden per Mail angenommen.<\/p>\n<p>Bei Fragen einfach melden, wir beantworten sie gerne so rasch wie m\u00f6glich.<\/p>\n<p>&nbsp;<\/p>\n<p>Liebe Gr\u00fc\u00dfe<\/p>\n<p>Karin&amp;Joe<\/p>\n<p><a href=\"https:\/\/www.kj-fotografie.net\/hochzeitsfotografie\/wp-content\/uploads\/2015\/05\/6-2.jpg\"><br \/>\n<\/a><\/p>\n<\/div>\n","protected":false},"excerpt":{"rendered":"<p>Karin&amp;Joe &#8211; Wir sind ein Ehepaar, das seine Leidenschaft zum Fotografieren gemeinsam auslebt. F\u00fcr uns ist jeder Mensch auf seine Art wundersch\u00f6n und genau hier liegt unser Talent und unsere Ambition, diese Sch\u00f6nheit mit der Kamera herauszuarbeiten und festzuhalten. Darin liegt f\u00fcr uns die Freude an der Fotografie. Wir sind auf Hochzeitsfotografie und Portraitfotografie spezialisiert. [&hellip;]<\/p>\n","protected":false},"author":1,"featured_media":2472,"parent":0,"menu_order":0,"comment_status":"open","ping_status":"open","template":"","meta":{"footnotes":""},"class_list":["post-2138","page","type-page","status-publish","has-post-thumbnail","hentry"],"_links":{"self":[{"href":"https:\/\/www.kj-fotografie.net\/shootings\/wp-json\/wp\/v2\/pages\/2138","targetHints":{"allow":["GET"]}}],"collection":[{"href":"https:\/\/www.kj-fotografie.net\/shootings\/wp-json\/wp\/v2\/pages"}],"about":[{"href":"https:\/\/www.kj-fotografie.net\/shootings\/wp-json\/wp\/v2\/types\/page"}],"author":[{"embeddable":true,"href":"https:\/\/www.kj-fotografie.net\/shootings\/wp-json\/wp\/v2\/users\/1"}],"replies":[{"embeddable":true,"href":"https:\/\/www.kj-fotografie.net\/shootings\/wp-json\/wp\/v2\/comments?post=2138"}],"version-history":[{"count":21,"href":"https:\/\/www.kj-fotografie.net\/shootings\/wp-json\/wp\/v2\/pages\/2138\/revisions"}],"predecessor-version":[{"id":4293,"href":"https:\/\/www.kj-fotografie.net\/shootings\/wp-json\/wp\/v2\/pages\/2138\/revisions\/4293"}],"wp:featuredmedia":[{"embeddable":true,"href":"https:\/\/www.kj-fotografie.net\/shootings\/wp-json\/wp\/v2\/media\/2472"}],"wp:attachment":[{"href":"https:\/\/www.kj-fotografie.net\/shootings\/wp-json\/wp\/v2\/media?parent=2138"}],"curies":[{"name":"wp","href":"https:\/\/api.w.org\/{rel}","templated":true}]}}