{"id":326,"date":"2015-02-17T22:02:52","date_gmt":"2015-02-17T21:02:52","guid":{"rendered":"http:\/\/www.kj-fotografie.net\/hochzeitsfotografie\/?page_id=326"},"modified":"2015-08-14T14:32:35","modified_gmt":"2015-08-14T12:32:35","slug":"datenschutz","status":"publish","type":"page","link":"https:\/\/www.kj-fotografie.net\/hochzeitsfotografie\/datenschutz\/","title":{"rendered":"Daten-      schutz"},"content":{"rendered":"<h1>Datenschutzerkl\u00e4rung<\/h1>\n<p>von Karin\/Joe Fotografie, Hauptstra\u00dfe 31, 2111 Oberg\u00e4nserndorf<br \/>\nDer Schutz und die Sicherheit von pers\u00f6nlichen Daten hat bei mir eine hohe Priorit\u00e4t. Daher halte ich mich strikt an die Regeln der Datenschutzgesetze.<br \/>\nIn keinem Fall werden die erhobenen Daten von mir verkauft oder an Dritte weitergegeben.<\/p>\n<h4>1. Daten\u00fcbermittlung \/ Datenprotokollierung<\/h4>\n<p>Beim Besuch dieser Seite verzeichnet der Web-Server automatisch Log-Files, die keiner bestimmten Person zugeordnet werden k\u00f6nnen. Diese Daten beinhalten z. B. den Browsertyp und -version, verwendetes Betriebssystem, Referrer URL (die zuvor besuchte Seite), IP-Adresse des anfragenden Rechners, Zugriffsdatum und -uhrzeit der Serveranfrage und die Dateianfrage des Client (Dateiname und URL). Diese Daten werden nur zum Zweck der statistischen Auswertung gesammelt.<br \/>\nEine Weitergabe an Dritte, zu kommerziellen oder nichtkommerziellen Zwecken, findet nicht statt.<\/p>\n<h4>2. Nutzung pers\u00f6nlicher Daten<\/h4>\n<p>Pers\u00f6nliche Daten werden nur erhoben oder verarbeitet, wenn Sie diese Angaben freiwillig, z.B. im Rahmen einer Anfrage mitteilen. Sofern keine erforderlichen Gr\u00fcnde im Zusammenhang mit einer Gesch\u00e4ftsabwicklung bestehen, k\u00f6nnen Sie jederzeit die zuvor erteilte Genehmigung Ihrer pers\u00f6nlichen Datenspeicherung mit sofortiger Wirkung schriftlich widerrufen. Ihre Daten werden nicht an Dritte weitergeben, es sei denn, eine Weitergabe ist aufgrund gesetzlicher Vorschriften erforderlich.<br \/>\nKontaktformular Personen- und\/oder firmenbezogene Daten, die mir per Kontaktformular oder sonstige Art elektronisch zugesendet werden (z.B. E-Mail-Adressen Name, Telefonnummer etc.), dienen ausschlie\u00dflich zur Korrespondenz und werden selbstverst\u00e4ndlich nicht an Dritte weitergegeben.<\/p>\n<h4>3. Auskunft, \u00c4nderung und L\u00f6schung Ihrer Daten<\/h4>\n<p>Gem\u00e4\u00df geltendem Recht k\u00f6nnen Sie jederzeit bei uns schriftlich nachfragen, ob und welche personenbezogenen Daten bei uns \u00fcber Sie gespeichert sind.<br \/>\nEine entsprechende Mitteilung hierzu erhalten Sie umgehend.<\/p>\n<h4>4. Sicherheit Ihrer Daten<\/h4>\n<p>Ihre mir zur Verf\u00fcgung gestellten pers\u00f6nlichen Daten werden durch Ergreifung aller technischen sowie organisatorischen Sicherheitsma\u00dfnahmen so gesichert,<br \/>\ndass sie f\u00fcr den Zugriff unberechtigter Dritter unzug\u00e4nglich sind. Bei Versendung von sehr sensiblen Daten oder Informationen ist es empfehlenswert, den Postweg zu nutzen, da eine vollst\u00e4ndige Datensicherheit per E-Mail nicht gew\u00e4hrleistet werden kann.<\/p>\n<h4>5. Hinweis zu Google Analytics<\/h4>\n<p>Diese Website benutzt Google Analytics, einen Webanalysedienst der Google Inc. (\u201eGoogle\u201c). Google Analytics verwendet sog. \u201eCookies\u201c, d. h. Textdateien, die auf Ihrem Computer gespeichert werden und die eine Analyse der Benutzung der Website durch Sie erm\u00f6glicht. Die durch den Cookie erzeugten Informationen \u00fcber Ihre Benutzung diese Website (einschlie\u00dflich Ihrer IP-Adresse) wird an einen Server von Google in den USA \u00fcbertragen und dort gespeichert. Google wird diese Informationen benutzen, um Ihre Nutzung der Website auszuwerten, um Reports \u00fcber die Websiteaktivit\u00e4ten f\u00fcr die Websitebetreiber zusammenzustellen und um weitere mit der Websitenutzung und der Internetnutzung verbundene Dienstleistungen zu erbringen. Auch wird Google diese Informationen gegebenenfalls an Dritte \u00fcbertragen, sofern dies gesetzlich vorgeschrieben oder soweit Dritte diese Daten im Auftrag von Google verarbeiten. Google wird in keinem Fall Ihre IP-Adresse mit anderen Daten der Google in Verbindung bringen. Sie k\u00f6nnen die Installation der Cookies durch eine entsprechende Einstellung Ihrer Browser Software verhindern;<br \/>\nIch weise Sie jedoch darauf hin, dass Sie in diesem Fall gegebenenfalls nicht s\u00e4mtliche Funktionen dieser Website voll umf\u00e4nglich nutzen k\u00f6nnen. Durch die Nutzung dieser Website erkl\u00e4ren Sie sich mit der Bearbeitung der \u00fcber Sie erhobenen Daten durch Google in der zuvor beschriebenen Art und Weise und zu dem zuvor benannten Zweck einverstanden.<\/p>\n<h4>6. Cookies<\/h4>\n<p>Auf einigen unserer Seiten verwende ich sog. \u201cSession-Cookies\u201d, um Ihnen die Nutzung unserer Webseiten zu erleichtern. Dabei handelt es sich um kleine Textdateien, die nur f\u00fcr die Dauer Ihres Besuchs unserer Webseite auf Ihrer Festplatte hinterlegt und abh\u00e4ngig von der Einstellung Ihres Browser-Programms beim Beenden des Browsers wieder gel\u00f6scht werden. Diese Cookies rufen keine auf Ihrer Festplatte \u00fcber Sie gespeicherten Informationen ab und beeintr\u00e4chtigen nicht Ihren PC oder ihre Dateien. Die meisten Browser sind so eingestellt, dass sie Cookies automatisch akzeptieren. Sie k\u00f6nnen das Speichern von Cookies jedoch deaktivieren oder ihren Browser so einstellen, dass er Sie auf die Sendung von Cookies hinweist.<\/p>\n<h4>7. \u00c4nderungen dieser Datenschutzbestimmungen<\/h4>\n<p>Ich werde diese Richtlinien zum Schutz Ihrer pers\u00f6nlichen Daten von Zeit zu Zeit aktualisieren. Sie sollten sich diese Richtlinien gelegentlich ansehen, um auf dem Laufenden dar\u00fcber zu bleiben, wie ich Ihre Daten sch\u00fctze und die Inhalte meiner Website stetig verbessere. Sollte ich wesentliche \u00c4nderungen bei der Sammlung, der Nutzung und\/oder der Weitergabe der mir von Ihnen zur Verf\u00fcgung gestellten personenbezogenen Daten vornehmen, werden ich Sie durch einen eindeutigen und gut sichtbaren Hinweis auf der Website darauf aufmerksam machen. Mit der Nutzung der Webseite erkl\u00e4ren Sie sich mit den Bedingungen dieser Richtlinien zum Schutz pers\u00f6nlicher Daten einverstanden. Bei Fragen zu diesen Datenschutzbestimmungen wenden Sie sich bitte \u00fcber meine Kontakt-Seite an mich.<\/p>\n","protected":false},"excerpt":{"rendered":"<p>Datenschutzerkl\u00e4rung von Karin\/Joe Fotografie, Hauptstra\u00dfe 31, 2111 Oberg\u00e4nserndorf Der Schutz und die Sicherheit von pers\u00f6nlichen Daten hat bei mir eine hohe Priorit\u00e4t. Daher halte ich mich strikt an die Regeln der Datenschutzgesetze. In keinem Fall werden die erhobenen Daten von mir verkauft oder an Dritte weitergegeben. 1. Daten\u00fcbermittlung \/ Datenprotokollierung Beim Besuch dieser Seite verzeichnet [&hellip;]<\/p>\n","protected":false},"author":1,"featured_media":216,"parent":0,"menu_order":7,"comment_status":"open","ping_status":"open","template":"","meta":[],"_links":{"self":[{"href":"https:\/\/www.kj-fotografie.net\/hochzeitsfotografie\/wp-json\/wp\/v2\/pages\/326"}],"collection":[{"href":"https:\/\/www.kj-fotografie.net\/hochzeitsfotografie\/wp-json\/wp\/v2\/pages"}],"about":[{"href":"https:\/\/www.kj-fotografie.net\/hochzeitsfotografie\/wp-json\/wp\/v2\/types\/page"}],"author":[{"embeddable":true,"href":"https:\/\/www.kj-fotografie.net\/hochzeitsfotografie\/wp-json\/wp\/v2\/users\/1"}],"replies":[{"embeddable":true,"href":"https:\/\/www.kj-fotografie.net\/hochzeitsfotografie\/wp-json\/wp\/v2\/comments?post=326"}],"version-history":[{"count":5,"href":"https:\/\/www.kj-fotografie.net\/hochzeitsfotografie\/wp-json\/wp\/v2\/pages\/326\/revisions"}],"predecessor-version":[{"id":422,"href":"https:\/\/www.kj-fotografie.net\/hochzeitsfotografie\/wp-json\/wp\/v2\/pages\/326\/revisions\/422"}],"wp:featuredmedia":[{"embeddable":true,"href":"https:\/\/www.kj-fotografie.net\/hochzeitsfotografie\/wp-json\/wp\/v2\/media\/216"}],"wp:attachment":[{"href":"https:\/\/www.kj-fotografie.net\/hochzeitsfotografie\/wp-json\/wp\/v2\/media?parent=326"}],"curies":[{"name":"wp","href":"https:\/\/api.w.org\/{rel}","templated":true}]}}